{"id":1069,"date":"2013-11-22T19:33:09","date_gmt":"2013-11-22T18:33:09","guid":{"rendered":"http:\/\/people.ccaba.upc.edu\/careglio\/?page_id=1069"},"modified":"2020-03-05T16:53:32","modified_gmt":"2020-03-05T15:53:32","slug":"xarxes-de-computadors-ingenieria-superior","status":"publish","type":"page","link":"https:\/\/people.ccaba.upc.edu\/careglio\/index.php\/teaching\/xarxes-de-computadors-ingenieria-superior\/","title":{"rendered":"Xarxes de Computadors (EI)"},"content":{"rendered":"<h5>Xarxes de Computadors (XC) es una asignatura obligatoria de Ingenier\u00eda Superior en Inform\u00e1tica de 9 creditos (7.2 ETCS). XC es una asignatura teorica de 4 horas semanales y practica de 2 horas semanales en laboratorio.<\/p>\n<p>El objetivo general de esta asignatura es proporcionar a los alumnos los conocimientos necesarios para entender c\u00f3mo funcionan los distintos servicios y protocolos para el transporte de datos a trav\u00e9s de la red. Para ello es necesario estudiar la pila de protocolos TCP\/IP y la arquitectura de redes de \u00e1rea local (LAN) y redes de \u00e1rea extensa (WAN). La asignatura hace hincapi\u00e9 tanto en los protocolos y algoritmos relacionados con las arquitecturas de red y la pila de protocolos TCP\/IP como con los aspectos tecnol\u00f3gicos de las redes (planificaci\u00f3n y dise\u00f1o de una red de \u00e1rea local).<\/h5>\n<hr>\n<h3>Temario<\/h3>\n<h5>\n<ol>\n<li><b>Introducci\u00f3n<\/b><span style=\"float: right;\">(4 horas)<\/span><\/li>\n<ul>\n<li>Evoluci\u00f3n hist\u00f3rica y tecnol\u00f3gica de les redes de computadores<\/li>\n<li>Modelo de referencia para la interconexi\u00f3n de sistemas abiertos (OSI)<\/li>\n<ul>\n<li>Conceptos, definiciones y nomenclatura<\/li>\n<li>Entidades, primitivas, servicios y orotocolos<\/li>\n<li>Unidades de datos y direccionamiento OSI<\/li>\n<\/ul>\n<li>Descripci\u00f3n funcional de los 7 niveles del modelo<\/li>\n<li>Arquitectura TCP\/IP\n<ul>\n<li>Descripci\u00f3n de los niveles, funciones e interfaces<\/li>\n<li>Interconexi\u00f3n de redes y caracter\u00edsticas de Internet<\/li>\n<li>Organizaciones y estandarizaci\u00f3n<\/li>\n<li>Ejemplo de una red desde el medio de transmisi\u00f3n hasta el transporte fiable extremo a extremo<\/li>\n<\/ul>\n<\/li>\n<li>Paradigma cliente-servidor<\/li>\n<\/ul>\n<p align=\"justify\">\n<li><b>Protocolo IP<\/b><span style=\"float: right;\">(16 horas)<\/span><\/li>\n<ul>\n<li>Introduccion al protocolo IP<\/li>\n<li>Direccionamiento IP<\/li>\n<li>Routers IP y encaminamiento estatico IP<\/li>\n<li>Protocolo ARP<\/li>\n<li>Cabecera IP<\/li>\n<li>El protocolo de control ICMP<\/li>\n<li>Direcciones autom\u00e1ticas con DHCP<\/li>\n<li>Traducci\u00f3n de direcciones con NAT<\/li>\n<li>Servidor de nombres de dominio: DNS<\/li>\n<li>Sistemas Aut\u00f3nomos. Organizaci\u00f3n de la red<\/li>\n<li>Encaminamiento interno dinamico con RIP<\/li>\n<li>Seguridad: Firewalls y listas de acceso (ACL)<\/li>\n<li>Redes Virtuales Privadas: VPN<\/li>\n<\/ul>\n<p align=\"justify\">\n<li><b>Protocolos punto a punto y TCP\/UDP<\/b><span style=\"float: right;\">(12 horas)<\/span>\n<ul>\n<li>Concepto y funciones de los protocolos ARQ<\/li>\n<li>Control de flujo y ventana deslizante<\/li>\n<li>Protocolos de transporte<\/li>\n<li>El protocolo UDP<\/li>\n<li>El protocolo TCP<\/li>\n<ul>\n<li>3WH y finalizaci\u00f3n de una sesi\u00f3n<\/li>\n<li>Control de flujo y congesti\u00f3n en TCP<\/li>\n<li>Temporizador dinamico<\/li>\n<\/ul>\n<\/ul>\n<p align=\"justify\">\n<\/li>\n<li><b>Redes de \u00e1rea local (LAN)<\/b><span style=\"float: right;\">(12 horas)<\/span>\n<ul>\n<li>Topolog\u00edas y clasificaci\u00f3n<\/li>\n<li>Mecanismos de acceso al medio Aloha y CSMA<\/li>\n<li>Redes locales Ethernet<\/li>\n<ul>\n<li>Subcapa LLC<\/li>\n<li>Ethernet conmutada<\/li>\n<li>Redes locales virtuales VLAN<\/li>\n<\/ul>\n<li>Redes locales inal\u00e1mbricas WiFi<\/li>\n<\/ul>\n<p align=\"justify\">\n<\/li>\n<li><b>Transmisi\u00f3n de datos<\/b><span style=\"float: right;\">(6 horas)<\/span><br \/>\nConceptos y terminolog\u00eda. El medio de transmisi\u00f3n. Atenuaci\u00f3n, distorsi\u00f3n y ruido. Detecci\u00f3n y correcci\u00f3n de errores.<\/li>\n<\/ol>\n<\/h5>\n<hr>\n<h3>Laboratorio<\/h3>\n<h5>\n<ol>\n<li><b>Cableado UTP<\/b><br \/>\nExplicaci\u00f3n del entorno de laboratorio. Medios de transmisi\u00f3n cableado e inal\u00e1mbrico. Cable coaxial, cable UTP\/STP, fibra \u00f3ptica. Montaje de un cable Ethernet UTP.<\/li>\n<li><b>Configuraci\u00f3n IP en Linux<\/b><br \/>\nConfiguraci\u00f3n de direcciones IP y de entradas en las tablas de encaminamiento en Linux.<\/li>\n<li><b>El protocol PPP<\/b><br \/>\nIntroducci\u00f3n al PPP y ejemplos de uso. Configuraci\u00f3n del PPP en Linux.<\/li>\n<li><b>Configuraci\u00f3n IP en routers CISCO IOS<\/b><br \/>\nConfiguraci\u00f3n de direcciones IP y de entradas en las tablas de encaminamiento en routers CISCO con sistema operativo IOS.<\/li>\n<li><b>Clase de problemas de IP<\/b><br \/>\nClase de problemas a la pizarra. Posibilidad de presentarse voluntario para la resoluci\u00f3n de problemas. A cada voluntario se le dar\u00e1n 0.2 puntos m\u00e1s a la nota del examen final.<\/li>\n<li><b>Encaminamiento din\u00e1mico con RIP<\/b><br \/>\nConfiguraci\u00f3n del protocolo RIP en routers CISCO IOS.<\/li>\n<li><b>ACLs<\/b><br \/>\nConfiguraci\u00f3n del listas de acceso ACLs en routers CISCO IOS.<\/li>\n<li><b>NAT<\/b><br \/>\nConfiguraci\u00f3n de NAT estatico, dinamico y PAT en routers CISCO IOS.<\/li>\n<li><b>iptables en Linux<\/b><br \/>\nConfiguraci\u00f3n de NAT y ACL en Linux con iptables.<\/li>\n<li><b>TCP<\/b><br \/>\nAn\u00e1lisis de trazas TCP con tcpdump y reconocimiento del funcionamiento de TCP.<\/li>\n<li><b>Switches<\/b><br \/>\nConfiguraci\u00f3n de VLAN en switches y control de acesso a trav\u00e9s de puertos seguros.<\/li>\n<li><b>Clase de problemas de LAN<\/b><br \/>\nClase de problemas a la pizarra. Posibilidad de presentarse voluntario para la resoluci\u00f3n de problemas. A cada voluntario se le dar\u00e1n 0.2 puntos m\u00e1s a la nota del examen final.<\/li>\n<li><b>Examen de laboratorio<\/b><br \/>\nPreguntas tipo tests.<\/li>\n<\/ol>\n<\/h5>\n<hr>\n<h3>Evaluaci\u00f3n<\/h3>\n<h5>La nota final de la asignatura se calcula de la siguiente manera:<\/p>\n<blockquote><p>Nota Final = 0.20 * NL + 0.80 * max{EF; (0.15 * NC + 0.85 * EF)}<\/p><\/blockquote>\n<p>donde<br \/>\nNL: Nota de Laboratorio<br \/>\nNC: Nota del Control (al acabar el tema 3)<br \/>\nEF: Examen Final<\/h5>\n<hr>\n<h3>Bibliograf\u00eda<\/h3>\n<h5>B\u00e1sica (Material publicado por el Departamento de Arquitectura de Computadores)<\/p>\n<ul>\n<li>Lloren\u00e7 Cerd\u00e0 Alabern. Xarxes de Computadors, Conceptes B\u00e0sics. (in catalan) Ed. Virtuals UPC.<\/li>\n<li>J.F. Kurose and K.W. Ross. Computer Networking, a Top-Down Approach Featuring the Internet. 2a edici\u00f3. Ed. Addison-Wesley.<\/li>\n<li>Larry L. Peterson and Bruce S. Davie. Computer Networks, a Systems Approach. Ed. Morgan Kaufmann.<\/li>\n<li>William Stallings. Data and Computer Communications. Ed. Prentice-Hall.<\/li>\n<\/ul>\n<\/h5>\n<hr>\n<h3>Ejercicios<\/h3>\n<h5>\n<ul>\n<li><a href=\"http:\/\/people.ccaba.upc.edu\/careglio\/wp-content\/uploads\/2013\/11\/LibroProblemasXC_borrador.pdf\" class=\"mtli_attachment mtli_pdf\">Libro<\/a> de problemas de XC<\/li>\n<li>Direccionamiento IP: <a href=\"http:\/\/people.ccaba.upc.edu\/careglio\/wp-content\/uploads\/2013\/11\/Tema-2_Direccionamiento-IP.pdf\" class=\"mtli_attachment mtli_pdf\">enunciados<\/a> y <a href=\"http:\/\/people.ccaba.upc.edu\/careglio\/wp-content\/uploads\/2013\/11\/Tema-2_Direccionamiento-IP_soluciones.pdf\" class=\"mtli_attachment mtli_pdf\">soluciones<\/a><\/li>\n<li>Fragmentaci\u00f3n: <a href=\"http:\/\/people.ccaba.upc.edu\/careglio\/wp-content\/uploads\/2013\/11\/Tema-2_Fragmentacion.pdf\" class=\"mtli_attachment mtli_pdf\">enunciados<\/a> y <a href=\"http:\/\/people.ccaba.upc.edu\/careglio\/wp-content\/uploads\/2013\/11\/Tema-2_Fragmentacion_soluciones.pdf\" class=\"mtli_attachment mtli_pdf\">soluciones<\/a><\/li>\n<li>Mecanismo ARP: <a href=\"http:\/\/people.ccaba.upc.edu\/careglio\/wp-content\/uploads\/2013\/11\/Tema-2_ARP.pdf\" class=\"mtli_attachment mtli_pdf\">enunciados<\/a> y <a href=\"http:\/\/people.ccaba.upc.edu\/careglio\/wp-content\/uploads\/2013\/11\/Tema-2_ARP_soluciones.pdf\" class=\"mtli_attachment mtli_pdf\">soluciones<\/a><\/li>\n<li>Mecanismo DNS y protocolo DHCP: <a href=\"http:\/\/people.ccaba.upc.edu\/careglio\/wp-content\/uploads\/2013\/11\/Tema-2_DNS-DHCP.pdf\" class=\"mtli_attachment mtli_pdf\">enunciados<\/a><\/li>\n<li>Protocolo RIP: <a href=\"http:\/\/people.ccaba.upc.edu\/careglio\/wp-content\/uploads\/2013\/11\/Tema-2_RIP.pdf\" class=\"mtli_attachment mtli_pdf\">enunciados<\/a> y <a href=\"http:\/\/people.ccaba.upc.edu\/careglio\/wp-content\/uploads\/2013\/11\/Tema-2_RIP_soluciones.pdf\" class=\"mtli_attachment mtli_pdf\">soluciones<\/a><\/li>\n<li>General: <a href=\"http:\/\/people.ccaba.upc.edu\/careglio\/wp-content\/uploads\/2013\/11\/General-IP.pdf\" class=\"mtli_attachment mtli_pdf\">enunciados<\/a> y <a href=\"http:\/\/people.ccaba.upc.edu\/careglio\/wp-content\/uploads\/2013\/11\/General-IP_soluciones.pdf\" class=\"mtli_attachment mtli_pdf\">soluciones<\/a><\/li>\n<li>Tests: <a href=\"http:\/\/people.ccaba.upc.edu\/careglio\/wp-content\/uploads\/2013\/11\/Tema-2_test.pdf\" class=\"mtli_attachment mtli_pdf\">enunciado<\/a> y <a href=\"http:\/\/people.ccaba.upc.edu\/careglio\/wp-content\/uploads\/2013\/11\/Tema-2_test_solucion.pdf\" class=\"mtli_attachment mtli_pdf\">soluci\u00f3n<\/a><\/li>\n<\/ul>\n<\/h5>\n<hr>\n<h3>Controles<\/h3>\n<h5>\n<ul>\n<li>2011-2012 &#8211; Oto\u00f1o: <a href=\"http:\/\/people.ccaba.upc.edu\/careglio\/wp-content\/uploads\/2013\/11\/2011-2012-Q1_Control_Grupo-10.pdf\" class=\"mtli_attachment mtli_pdf\">enunciado<\/a>, <a href=\"http:\/\/people.ccaba.upc.edu\/careglio\/wp-content\/uploads\/2013\/11\/2011-2012-Q1_Control_Grupo-10_test-resuelto.pdf\" class=\"mtli_attachment mtli_pdf\">test resuelto<\/a>, <a href=\"http:\/\/people.ccaba.upc.edu\/careglio\/wp-content\/uploads\/2013\/11\/2011-2012-Q1_Control_Grupo-10_problema-resuelto.pdf\" class=\"mtli_attachment mtli_pdf\">problema resuelto<\/a><\/li>\n<li>2010-2011 &#8211; Primavera: <a href=\"http:\/\/people.ccaba.upc.edu\/careglio\/wp-content\/uploads\/2013\/11\/2010-2011-Q2_Control_Grupo-10.pdf\" class=\"mtli_attachment mtli_pdf\">enunciado<\/a>, <a href=\"http:\/\/people.ccaba.upc.edu\/careglio\/wp-content\/uploads\/2013\/11\/2010-2011-Q2_Control_Grupo-10_test-resuelto.pdf\" class=\"mtli_attachment mtli_pdf\">test resuelto<\/a>, <a href=\"http:\/\/people.ccaba.upc.edu\/careglio\/wp-content\/uploads\/2013\/11\/2010-2011-Q2_Control_Grupo-10_problema-resuelto.pdf\" class=\"mtli_attachment mtli_pdf\">problema resuelto<\/a><\/li>\n<li>2010-2011 &#8211; Oto\u00f1o: <a href=\"http:\/\/people.ccaba.upc.edu\/careglio\/wp-content\/uploads\/2013\/11\/2010-2011-Q1_Control_Grupo-40.pdf\" class=\"mtli_attachment mtli_pdf\">enunciado<\/a>, <a href=\"http:\/\/people.ccaba.upc.edu\/careglio\/wp-content\/uploads\/2013\/11\/2010-2011-Q1_Control_Grupo-40_test-resuelto.pdf\" class=\"mtli_attachment mtli_pdf\">test resuelto<\/a>, <a href=\"http:\/\/people.ccaba.upc.edu\/careglio\/wp-content\/uploads\/2013\/11\/2010-2011-Q1_Control_Grupo-40_problema-resuelto.pdf\" class=\"mtli_attachment mtli_pdf\">problema resuelto<\/a><\/li>\n<li>2009-2010 &#8211; Primavera: <a href=\"http:\/\/people.ccaba.upc.edu\/careglio\/wp-content\/uploads\/2013\/11\/2009-2010-Q2_Control_Grupo-10.pdf\" class=\"mtli_attachment mtli_pdf\">enunciado<\/a>, <a href=\"http:\/\/people.ccaba.upc.edu\/careglio\/wp-content\/uploads\/2013\/11\/2009-2010-Q2_Control_Grupo-10_test-resuelto.pdf\" class=\"mtli_attachment mtli_pdf\">test resuelto<\/a>, <a href=\"http:\/\/people.ccaba.upc.edu\/careglio\/wp-content\/uploads\/2013\/11\/2009-2010-Q2_Control_Grupo-10_problema-resuelto.pdf\" class=\"mtli_attachment mtli_pdf\">problema resuelto<\/a><\/li>\n<li>2009-2010 &#8211; Oto\u00f1o: <a href=\"http:\/\/people.ccaba.upc.edu\/careglio\/wp-content\/uploads\/2013\/11\/2009-2010-Q1_Control_Grupo-40.pdf\" class=\"mtli_attachment mtli_pdf\">enunciado<\/a>, <a href=\"http:\/\/people.ccaba.upc.edu\/careglio\/wp-content\/uploads\/2013\/11\/2009-2010-Q1_Control_Grupo-40_test-resuelto.pdf\" class=\"mtli_attachment mtli_pdf\">test resuelto<\/a>, <a href=\"http:\/\/people.ccaba.upc.edu\/careglio\/wp-content\/uploads\/2013\/11\/2009-2010-Q1_Control_Grupo-40_problema-resuelto.pdf\" class=\"mtli_attachment mtli_pdf\">problema resuelto<\/a><\/li>\n<li>2008-2009 &#8211; Oto\u00f1o: <a href=\"http:\/\/people.ccaba.upc.edu\/careglio\/wp-content\/uploads\/2013\/11\/2008-2009-Q1_Control_Grupo-50.pdf\" class=\"mtli_attachment mtli_pdf\">enunciado<\/a>, <a href=\"http:\/\/people.ccaba.upc.edu\/careglio\/wp-content\/uploads\/2013\/11\/2008-2009-Q1_Control_Grupo-50_test-resuelto.pdf\" class=\"mtli_attachment mtli_pdf\">test resuelto<\/a>, <a href=\"http:\/\/people.ccaba.upc.edu\/careglio\/wp-content\/uploads\/2013\/11\/2008-2009-Q1_Control_Grupo-50_problema-resuelto.pdf\" class=\"mtli_attachment mtli_pdf\">problema resuelto<\/a><\/li>\n<li>2007-2008 &#8211; Primavera: <a href=\"http:\/\/people.ccaba.upc.edu\/careglio\/wp-content\/uploads\/2013\/11\/2007-2008-Q2_Control_Grupo-40.pdf\" class=\"mtli_attachment mtli_pdf\">enunciado<\/a>, <a href=\"http:\/\/people.ccaba.upc.edu\/careglio\/wp-content\/uploads\/2013\/11\/2007-2008-Q2_Control_Grupo-40_test-resuelto.pdf\" class=\"mtli_attachment mtli_pdf\">test resuelto<\/a>, <a href=\"http:\/\/people.ccaba.upc.edu\/careglio\/wp-content\/uploads\/2013\/11\/2007-2008-Q2_Control_Grupo-40_problema-resuelto.pdf\" class=\"mtli_attachment mtli_pdf\">problema resuelto<\/a><\/li>\n<li>2006-2007 &#8211; Primavera: <a href=\"http:\/\/people.ccaba.upc.edu\/careglio\/wp-content\/uploads\/2013\/11\/2006-2007-Q2_Control_Grupo-50.pdf\" class=\"mtli_attachment mtli_pdf\">enunciado<\/a>, <a href=\"http:\/\/people.ccaba.upc.edu\/careglio\/wp-content\/uploads\/2013\/11\/2006-2007-Q2_Control_Grupo-50_test-resuelto.pdf\" class=\"mtli_attachment mtli_pdf\">test resuelto<\/a>, <a href=\"http:\/\/people.ccaba.upc.edu\/careglio\/wp-content\/uploads\/2013\/11\/2006-2007-Q2_Control_Grupo-50_problema-resuelto.pdf\" class=\"mtli_attachment mtli_pdf\">problema resuelto<\/a><\/li>\n<li>2006-2007 &#8211; Oto\u00f1o: <a href=\"http:\/\/people.ccaba.upc.edu\/careglio\/wp-content\/uploads\/2013\/11\/2006-2007-Q1_Control_Grupo-50.pdf\" class=\"mtli_attachment mtli_pdf\">enunciado<\/a>, <a href=\"http:\/\/people.ccaba.upc.edu\/careglio\/wp-content\/uploads\/2013\/11\/2006-2007-Q1_Control_Grupo-50_test-resuelto.pdf\" class=\"mtli_attachment mtli_pdf\">test resuelto<\/a>, <a href=\"http:\/\/people.ccaba.upc.edu\/careglio\/wp-content\/uploads\/2013\/11\/2006-2007-Q1_Control_Grupo-50_problema-resuelto.pdf\" class=\"mtli_attachment mtli_pdf\">problema resuelto<\/a><\/li>\n<li>2005-2006 &#8211; Primavera: <a href=\"http:\/\/people.ccaba.upc.edu\/careglio\/wp-content\/uploads\/2013\/11\/2005-2006-Q2_Control_Grupo-40.pdf\" class=\"mtli_attachment mtli_pdf\">enunciado<\/a>, <a href=\"http:\/\/people.ccaba.upc.edu\/careglio\/wp-content\/uploads\/2013\/11\/2005-2006-Q2_Control_Grupo-40_test-resuelto.pdf\" class=\"mtli_attachment mtli_pdf\">test resuelto<\/a>, <a href=\"http:\/\/people.ccaba.upc.edu\/careglio\/wp-content\/uploads\/2013\/11\/2005-2006-Q2_Control_Grupo-40_problema-resuelto.pdf\" class=\"mtli_attachment mtli_pdf\">problema resuelto<\/a><\/li>\n<li>2005-2006 &#8211; Oto\u00f1o: <a href=\"http:\/\/people.ccaba.upc.edu\/careglio\/wp-content\/uploads\/2013\/11\/2005-2006-Q1_Control_Grupo-40.pdf\" class=\"mtli_attachment mtli_pdf\">enunciado<\/a>, <a href=\"http:\/\/people.ccaba.upc.edu\/careglio\/wp-content\/uploads\/2013\/11\/2005-2006-Q1_Control_Grupo-40_test-resuelto.pdf\" class=\"mtli_attachment mtli_pdf\">test resuelto<\/a>, <a href=\"http:\/\/people.ccaba.upc.edu\/careglio\/wp-content\/uploads\/2013\/11\/2005-2006-Q1_Control_Grupo-40_problema-resuelto.pdf\" class=\"mtli_attachment mtli_pdf\">problema resuelto<\/a><\/li>\n<\/ul>\n<\/h5>\n","protected":false},"excerpt":{"rendered":"<p>Xarxes de Computadors (XC) es una asignatura obligatoria de Ingenier\u00eda Superior en Inform\u00e1tica de 9 creditos (7.2 ETCS). XC es una asignatura teorica de 4 horas semanales y practica de 2 horas semanales en laboratorio. El objetivo general de esta asignatura es proporcionar a los alumnos <a class=\"more-link\" href=\"https:\/\/people.ccaba.upc.edu\/careglio\/index.php\/teaching\/xarxes-de-computadors-ingenieria-superior\/\">Continue reading <span class=\"screen-reader-text\">  Xarxes de Computadors (EI)<\/span><span class=\"meta-nav\">&rarr;<\/span><\/a><\/p>\n","protected":false},"author":2,"featured_media":0,"parent":69,"menu_order":0,"comment_status":"closed","ping_status":"closed","template":"","meta":{"_exactmetrics_skip_tracking":false,"_exactmetrics_sitenote_active":false,"_exactmetrics_sitenote_note":"","_exactmetrics_sitenote_category":0,"footnotes":""},"class_list":["post-1069","page","type-page","status-publish","hentry"],"publishpress_future_workflow_manual_trigger":{"enabledWorkflows":[]},"_links":{"self":[{"href":"https:\/\/people.ccaba.upc.edu\/careglio\/index.php\/wp-json\/wp\/v2\/pages\/1069","targetHints":{"allow":["GET"]}}],"collection":[{"href":"https:\/\/people.ccaba.upc.edu\/careglio\/index.php\/wp-json\/wp\/v2\/pages"}],"about":[{"href":"https:\/\/people.ccaba.upc.edu\/careglio\/index.php\/wp-json\/wp\/v2\/types\/page"}],"author":[{"embeddable":true,"href":"https:\/\/people.ccaba.upc.edu\/careglio\/index.php\/wp-json\/wp\/v2\/users\/2"}],"replies":[{"embeddable":true,"href":"https:\/\/people.ccaba.upc.edu\/careglio\/index.php\/wp-json\/wp\/v2\/comments?post=1069"}],"version-history":[{"count":0,"href":"https:\/\/people.ccaba.upc.edu\/careglio\/index.php\/wp-json\/wp\/v2\/pages\/1069\/revisions"}],"up":[{"embeddable":true,"href":"https:\/\/people.ccaba.upc.edu\/careglio\/index.php\/wp-json\/wp\/v2\/pages\/69"}],"wp:attachment":[{"href":"https:\/\/people.ccaba.upc.edu\/careglio\/index.php\/wp-json\/wp\/v2\/media?parent=1069"}],"curies":[{"name":"wp","href":"https:\/\/api.w.org\/{rel}","templated":true}]}}