{"id":2527,"date":"2025-07-09T10:29:18","date_gmt":"2025-07-09T08:29:18","guid":{"rendered":"https:\/\/people.ccaba.upc.edu\/careglio\/?page_id=2527"},"modified":"2025-07-09T16:54:20","modified_gmt":"2025-07-09T14:54:20","slug":"xarxes-de-computadors-grau","status":"publish","type":"page","link":"https:\/\/people.ccaba.upc.edu\/careglio\/index.php\/teaching\/xarxes-de-computadors-grau\/","title":{"rendered":"Xarxes de Computadors"},"content":{"rendered":"<h5>Xarxes de Computadors (XC) es una asignatura obligatoria del Grado de Informatica de 6 ETCS. XC es una asignatura te\u00f3rica de 3 horas semanales y practica de 2 horas cada 2 semanan en laboratorio.<\/p>\n<p>El objetivo general de esta asignatura es proporcionar a los alumnos conocimientos b\u00e1sicos de redes de computadores y conceptos fundamentales de Internet.<\/p>\n<p>Web de la asignatura: <a href=\"http:\/\/docencia.ac.upc.edu\/FIB\/grau\/XC\/\" title=\"Xarxes de Computadors\" target=\"_blank\">Xarxes de Computadors<\/a><\/h5>\n<hr>\n<h3>Temario<\/h3>\n<h5>\n<ol>\n<li><b><a href=\"http:\/\/people.ccaba.upc.edu\/careglio\/wp-content\/uploads\/2018\/09\/XC-Intro.pdf\" class=\"mtli_attachment mtli_pdf\" target=\"_blank\" rel=\"noopener noreferrer\">Presentaci\u00f3n del curso<\/a><\/b> (10\/2018)<span style=\"float: right;\">(0.5 horas)<\/span><\/li>\n<ul><\/ul>\n<p align=\"justify\">\n<li><b><a href=\"http:\/\/people.ccaba.upc.edu\/careglio\/wp-content\/uploads\/2018\/05\/XC-Tema1.pdf\" class=\"mtli_attachment mtli_pdf\" target=\"_blank\" rel=\"noopener noreferrer\">Introducci\u00f3n<\/a><\/b> (10\/2018)<span style=\"float: right;\">(3 horas)<\/span><\/li>\n<ul>\n<li>Un poco de historia de redes e Internet<\/li>\n<li>Organizaci\u00f3n actual<\/li>\n<li>Modelo ISO\/OSI<\/li>\n<li>Organismos de estandarizaci\u00f3n<\/li>\n<li>Modelo TCP\/IP<\/li>\n<li>Paradigma cliente-servidor y p2p<\/li>\n<\/ul>\n<p align=\"justify\">\n<li><b><a href=\"http:\/\/people.ccaba.upc.edu\/careglio\/wp-content\/uploads\/2018\/05\/XC-Tema2.pdf\" class=\"mtli_attachment mtli_pdf\" target=\"_blank\" rel=\"noopener noreferrer\">Redes IP<\/a><\/b> (10\/2018)<span style=\"float: right;\">(10 horas)<\/span><\/li>\n<ul>\n<li>Introducci\u00f3n<\/li>\n<li>Direccionamiento y subnetting<\/li>\n<li>Cabecera IP<\/li>\n<li>Protocolo ICMP<\/li>\n<li>Encaminamiento<\/li>\n<li>NAT y DHCP<\/li>\n<li>Conceptos b\u00e1sicos de seguridad y Firewall<\/li>\n<\/ul>\n<p align=\"justify\">\n<p>\t<b>Primer control: test y problemas<\/b><span style=\"float: right;\">(1.5 horas)<\/span><\/p>\n<p align=\"justify\">\n<li><b><a href=\"http:\/\/people.ccaba.upc.edu\/careglio\/wp-content\/uploads\/2018\/05\/XC-Tema3.pdf\" class=\"mtli_attachment mtli_pdf\" target=\"_blank\" rel=\"noopener noreferrer\">Protocolos UDP y TCP<\/a><\/b> (10\/2018)<span style=\"float: right;\">(7 horas)<\/span><\/li>\n<ul>\n<li>Introducci\u00f3n<\/li>\n<li>UDP<\/li>\n<li>TCP<\/li>\n<\/ul>\n<p align=\"justify\">\n<li><b><a href=\"http:\/\/people.ccaba.upc.edu\/careglio\/wp-content\/uploads\/2018\/05\/XC-Tema4.pdf\" class=\"mtli_attachment mtli_pdf\" target=\"_blank\" rel=\"noopener noreferrer\">Redes de area local<\/a><\/b> (10\/2018)<span style=\"float: right;\">(6 horas)<\/span><\/li>\n<ul>\n<li>Introducci\u00f3n<\/li>\n<li>Mecanismos de acceso al medio (MAC)<\/li>\n<li>Ethernet<\/li>\n<li>WiFi<\/li>\n<\/ul>\n<p align=\"justify\">\n<p>\t<b>Segundo control: test y problemas<\/b><span style=\"float: right;\">(1.5 horas)<\/span><\/p>\n<p align=\"justify\">\n<li><b><a href=\"http:\/\/people.ccaba.upc.edu\/careglio\/wp-content\/uploads\/2018\/05\/XC-Tema5.pdf\" class=\"mtli_attachment mtli_pdf\" target=\"_blank\" rel=\"noopener noreferrer\">Aplicaciones de red<\/a><\/b> (10\/2018)<span style=\"float: right;\">(6 horas)<\/span><\/li>\n<ul>\n<li>Introducci\u00f3n<\/li>\n<li>Codificaci\u00f3n de caracteres<\/li>\n<li>Sistema DNS<\/li>\n<li>Correo electr\u00f3nico<\/li>\n<li>Web<\/li>\n<li>HTML y XML<\/li>\n<\/ul>\n<p align=\"justify\">\n<p>\t<b>Tercer control: test y problemas<\/b><span style=\"float: right;\">(1 hora)<\/span><\/p>\n<p align=\"justify\">\n<\/ol>\n<hr>\n<h3>Laboratorio<\/h3>\n<h5>\n<ol>\n<li><b>Configuraci\u00f3n IP en Linux<\/b><br \/>\n  Explicaci\u00f3n del entorno de laboratorio. Configuraci\u00f3n de direcciones IP y de entradas en las tablas de encaminamiento en Linux.\n<\/li>\n<p align=\"justify\">\n<li><b>Configuraci\u00f3n IP en routers CISCO IOS<\/a><\/b><br \/>\n  Configuraci\u00f3n de direcciones IP y de entradas en las tablas de encaminamiento en routers CISCO con sistema operativo IOS.\n<\/li>\n<p align=\"justify\">\n<li><b>Encaminamiento din\u00e1mico con RIP<\/b><br \/>\n  Configuraci\u00f3n del protocolo RIP en routers CISCO IOS.\n<\/li>\n<p align=\"justify\">\n<li><b>ACLs y NAT<\/b><br \/>\n  Configuraci\u00f3n del listas de acceso ACLs y NAT estatico y dinamico en routers CISCO IOS.\n<\/li>\n<p align=\"justify\">\n<li><b>TCP<\/b><br \/>\n  An\u00e1lisis de trazas TCP con tcpdump y reconocimiento del funcionamiento de TCP.\n<\/li>\n<p align=\"justify\">\n<li><b>Switches<\/b><br \/>\n  Configuraci\u00f3n de VLAN en switches y control de acesso a trav\u00e9s de puertos seguros.\n<\/li>\n<p align=\"justify\">\n<li><b>Domain Name Server (DNS)<\/b><br \/>\n  Configuraci\u00f3n de servidores DNS y creaci\u00f3n de subzonas DNS.\n<\/li>\n<p align=\"justify\">\n<li><b>Examen de laboratorio<\/b><br \/>\n  Preguntas tipo tests.\n<\/li>\n<\/ol>\n<hr>\n<h3>Evaluaci\u00f3n<\/h3>\n<h5>Nota Final = 0.75 * NT + 0.25 * NL<\/p>\n<ul>\n<li>Nota de Teoria (NT) = 0.4 * 1C + 0.4 * 2c + 0.2 * 3C<\/li>\n<ul>\n<li>1C: Primer control<\/li>\n<li>2C: Segundo Control<\/li>\n<li>3C: Tercer Control<\/li>\n<\/ul>\n<p align=\"justify\">\n<li>Nota del Laboratorio (NL) = 0.25 * MC + 0.75 * EL<\/li>\n<ul>\n<li>MC: Media de los minicontroles<\/li>\n<li>EL: Examen Laboratorio<\/li>\n<\/ul>\n<p align=\"justify\">\n<\/ul>\n<\/h5>\n<hr>\n<h3>Ejercicios<\/h3>\n<h5>\nLibro de problemas de XC: <a href=\"http:\/\/people.ccaba.upc.edu\/careglio\/wp-content\/uploads\/2013\/09\/LibroProblemasXC_borrador.pdf\" class=\"mtli_attachment mtli_pdf\">Borrador<\/a><\/p>\n<hr>\n<h3>Bibliograf\u00eda<\/h3>\n<h4>Bibliograf\u00eda b\u00e1sica<\/h4>\n<h5>\n<ul>\n<li>Lloren\u00e7 Cerd\u00e0 Alabern, <em>Xarxes de Computadors: Conceptes B\u00e0sics<\/em>, Virtuals UPC.<\/li>\n<li>J.F. Kurose and K.W. Ross, <em>Computer Networking: a Top-Down Approach Featuring the Internet<\/em>, 2a edici\u00f3n, Addison-Wesley.<\/li>\n<li>Larry L. Peterson and Bruce S. Davie, <em>Computer Networks: a Systems Approach<\/em>, Morgan Kaufmann.<\/li>\n<\/ul>\n<\/h5>\n<h4>Bibliograf\u00eda complementaria<\/h4>\n<h5>\n<ul>\n<li>William Stallings, <em>Data and Computer Communications<\/em>, Prentice-Hall.<\/li>\n<li>Fred Halsall, <em>Data Communications, Computer Networks and Open Systems<\/em>, Addison-Wesley.<\/li>\n<\/ul>\n<\/h5>\n","protected":false},"excerpt":{"rendered":"<p>Xarxes de Computadors (XC) es una asignatura obligatoria del Grado de Informatica de 6 ETCS. XC es una asignatura te\u00f3rica de 3 horas semanales y practica de 2 horas cada 2 semanan en laboratorio. El objetivo general de esta asignatura es proporcionar a los alumnos conocimientos <a class=\"more-link\" href=\"https:\/\/people.ccaba.upc.edu\/careglio\/index.php\/teaching\/xarxes-de-computadors-grau\/\">Continue reading <span class=\"screen-reader-text\">  Xarxes de Computadors<\/span><span class=\"meta-nav\">&rarr;<\/span><\/a><\/p>\n","protected":false},"author":2,"featured_media":0,"parent":69,"menu_order":0,"comment_status":"closed","ping_status":"closed","template":"","meta":{"_exactmetrics_skip_tracking":false,"_exactmetrics_sitenote_active":false,"_exactmetrics_sitenote_note":"","_exactmetrics_sitenote_category":0,"footnotes":""},"class_list":["post-2527","page","type-page","status-publish","hentry"],"publishpress_future_workflow_manual_trigger":{"enabledWorkflows":[]},"_links":{"self":[{"href":"https:\/\/people.ccaba.upc.edu\/careglio\/index.php\/wp-json\/wp\/v2\/pages\/2527","targetHints":{"allow":["GET"]}}],"collection":[{"href":"https:\/\/people.ccaba.upc.edu\/careglio\/index.php\/wp-json\/wp\/v2\/pages"}],"about":[{"href":"https:\/\/people.ccaba.upc.edu\/careglio\/index.php\/wp-json\/wp\/v2\/types\/page"}],"author":[{"embeddable":true,"href":"https:\/\/people.ccaba.upc.edu\/careglio\/index.php\/wp-json\/wp\/v2\/users\/2"}],"replies":[{"embeddable":true,"href":"https:\/\/people.ccaba.upc.edu\/careglio\/index.php\/wp-json\/wp\/v2\/comments?post=2527"}],"version-history":[{"count":4,"href":"https:\/\/people.ccaba.upc.edu\/careglio\/index.php\/wp-json\/wp\/v2\/pages\/2527\/revisions"}],"predecessor-version":[{"id":2563,"href":"https:\/\/people.ccaba.upc.edu\/careglio\/index.php\/wp-json\/wp\/v2\/pages\/2527\/revisions\/2563"}],"up":[{"embeddable":true,"href":"https:\/\/people.ccaba.upc.edu\/careglio\/index.php\/wp-json\/wp\/v2\/pages\/69"}],"wp:attachment":[{"href":"https:\/\/people.ccaba.upc.edu\/careglio\/index.php\/wp-json\/wp\/v2\/media?parent=2527"}],"curies":[{"name":"wp","href":"https:\/\/api.w.org\/{rel}","templated":true}]}}