{"id":1480,"date":"2021-09-14T09:46:41","date_gmt":"2021-09-14T09:46:41","guid":{"rendered":"http:\/\/people.ccaba.upc.edu\/spadaro\/?page_id=1480"},"modified":"2021-09-14T09:52:54","modified_gmt":"2021-09-14T09:52:54","slug":"book-chapters","status":"publish","type":"page","link":"https:\/\/people.ccaba.upc.edu\/spadaro\/?page_id=1480","title":{"rendered":"Book Chapters"},"content":{"rendered":"\n<ol>\n<li>\n<p align=\"justify\">D. Careglio, J. Aracil, J. Fernandez Palacios, A. Jajszczyk, D. Larrabeiti, V. Lopez, X. Masip, S. Sanchez, <strong>S. Spadaro<\/strong>, &#8220;<em>Introduction to IP over WDM<\/em>&#8220;, Chapter of the book \u201cEnabling Optical Internet with Advanced Network Technologies\u201d, Springer Computer Communications and Networks, 2009, ISBN: 978-1-84882-277-1.<\/p>\n<\/li>\n<li>\n<p align=\"justify\">D. Careglio, J. Aracil , S. Azodolmolky , J. Garc\u00eda-Haro, S. Gunreben, G. Hu, M. Izal, A. Kimsas, M. Klinkowski, M. K\u00f6hn, E. Maga\u00f1a, D. Morat\u00f3, P. Pav\u00f3n-Mari\u00f1o, J. Perell\u00f3, J. Scharf, <strong>S. Spadaro<\/strong>, I. Tomkos, A. Tzanakaki, J. Veiga-Gont\u00e1n, &#8220;<em>Performance Issues in Optical Burst\/Packet Switching<\/em>&#8220;, Chapter of the book \u201cTowards Digital Optical Networks, COST Action 291 Final Report\u201d, Springer Lecture Notes in Computer Science (LNCS) 5412, 2009, ISSN:0302-9743.<\/p>\n<\/li>\n<li>\n<p align=\"justify\">J. Sol\u00e9-Pareta, <strong>S. Spadaro<\/strong>, &#8220;<em>IP over WDM: The IST LION Project approach<\/em>&#8220;, Chapter of the book &#8220;Deploying and Managing IP over WDM Networks\u201d, Artech House, 2003, ISBN: 1-58053-501-1.<\/p>\n<\/li>\n","protected":false},"excerpt":{"rendered":"<p>D. Careglio, J. Aracil, J. Fernandez Palacios, A. Jajszczyk, D. Larrabeiti, V. Lopez, X. Masip, S. Sanchez, S. Spadaro, &#8220;Introduction to IP over WDM&#8220;, Chapter of the book \u201cEnabling Optical Internet with Advanced Network Technologies\u201d, Springer Computer Communications and Networks, <a class=\"more-link\" href=\"https:\/\/people.ccaba.upc.edu\/spadaro\/?page_id=1480\">Continue reading <span class=\"screen-reader-text\">  Book Chapters<\/span><span class=\"meta-nav\">&rarr;<\/span><\/a><\/p>\n","protected":false},"author":2,"featured_media":0,"parent":68,"menu_order":-1,"comment_status":"closed","ping_status":"closed","template":"","meta":[],"_links":{"self":[{"href":"https:\/\/people.ccaba.upc.edu\/spadaro\/index.php?rest_route=\/wp\/v2\/pages\/1480"}],"collection":[{"href":"https:\/\/people.ccaba.upc.edu\/spadaro\/index.php?rest_route=\/wp\/v2\/pages"}],"about":[{"href":"https:\/\/people.ccaba.upc.edu\/spadaro\/index.php?rest_route=\/wp\/v2\/types\/page"}],"author":[{"embeddable":true,"href":"https:\/\/people.ccaba.upc.edu\/spadaro\/index.php?rest_route=\/wp\/v2\/users\/2"}],"replies":[{"embeddable":true,"href":"https:\/\/people.ccaba.upc.edu\/spadaro\/index.php?rest_route=%2Fwp%2Fv2%2Fcomments&post=1480"}],"version-history":[{"count":5,"href":"https:\/\/people.ccaba.upc.edu\/spadaro\/index.php?rest_route=\/wp\/v2\/pages\/1480\/revisions"}],"predecessor-version":[{"id":1488,"href":"https:\/\/people.ccaba.upc.edu\/spadaro\/index.php?rest_route=\/wp\/v2\/pages\/1480\/revisions\/1488"}],"up":[{"embeddable":true,"href":"https:\/\/people.ccaba.upc.edu\/spadaro\/index.php?rest_route=\/wp\/v2\/pages\/68"}],"wp:attachment":[{"href":"https:\/\/people.ccaba.upc.edu\/spadaro\/index.php?rest_route=%2Fwp%2Fv2%2Fmedia&parent=1480"}],"curies":[{"name":"wp","href":"https:\/\/api.w.org\/{rel}","templated":true}]}}