{"id":81,"date":"2013-10-08T11:57:34","date_gmt":"2013-10-08T11:57:34","guid":{"rendered":"http:\/\/people.ccaba.upc.edu\/spadaro\/?page_id=81"},"modified":"2023-06-16T11:31:18","modified_gmt":"2023-06-16T11:31:18","slug":"invited-talks","status":"publish","type":"page","link":"https:\/\/people.ccaba.upc.edu\/spadaro\/?page_id=81","title":{"rendered":"Invited talks &#038; Tutorials"},"content":{"rendered":"<ol>\n<li>\n<p align=\"justify\"><strong>S. Spadaro<\/strong>, &#8220;<em>Disaggregated Optical Data Center Networking for AI\/ML applications<\/em>&#8220;, Invited paper, Photonics West 2024, San Francisco (USA), 27 january-01 February 2024.<\/p>\n<\/li>\n<li>\n<p align=\"justify\"><strong>S. Spadaro<\/strong>, A. Pag\u00e8s Cruz, F. Agraz, &#8220;<em>Machine Learning-based actuation orchestration for inter-\/intra-data center networks<\/em>&#8220;, Invited paper, Photonics in Switching and Computing 2023, Mantova (Italy), 26-29 September 2023.<\/p>\n<\/li>\n<li>\n<p align=\"justify\"><strong>S. Spadaro<\/strong>, F. Agraz, A. Pag\u00e8s Cruz &#8220;<em>Control and Orchestration Solutions for End-to-End Time Sensitive Services in Future 6G Networks<\/em>&#8220;, Invited paper, IEEE ICTON 2023, Bucharest (Romania), 2-6 July 2023.<\/p>\n<\/li>\n<li>\n<p align=\"justify\">R. Montero, F. Agraz, A. Pag\u00e8s, <strong>S. Spadaro<\/strong>, &#8220;<em>Actuation framework for 5G-enabled network slices with QoE\/QoS guarantees<\/em>&#8220;, Invited paper, IEEE ICTON 2019, Angers (France), 9-13 July 2019.<\/p>\n<\/li>\n<li>\n<p align=\"justify\"><strong>S. Spadaro<\/strong>, A. Pag\u00e8s, R. Montero, F. Agraz, &#8220;<em>Supporting QoE-aware end-to-end network slicing in future 5G-enabled optical networks<\/em>&#8220;, Invited paper, SPIE Photonic West OPTO, San Francisco (USA), 2-7 February 2019.<\/p>\n<\/li>\n<li>\n<p align=\"justify\"><strong>S. Spadaro<\/strong>, &#8220;<em>Towards future data centres networks: Combining SDN and optical switching<\/em>&#8220;, Tutorial, Photonics in Switching and Computing 2018, Limassol (Cyprus), 19-21 September 2018.<\/p>\n<\/li>\n<li>\n<p align=\"justify\">R. Montero, F. Agraz, A. Pag\u00e8s, <strong>S. Spadaro<\/strong>, &#8220;<em>End-to-end 5G service deployment and orchestration in optical networks with QoE guaranteess<\/em>&#8220;, 20th International Conference on Transparent Optical Networks (ICTON) 2018, Bucharest (Romania), July 2018.<\/p>\n<\/li>\n<li>\n<p align=\"justify\"><strong>S. Spadaro<\/strong>, A. Pag\u00e8s, F. Agraz, &#8220;<em>Multi-tenancy architectures for heterogeneous resource allocations<\/em>&#8220;, Workshop on End-to-end service orchestration for 5G and beyond (En2ESO 16), 15th International Conference on Ubiquitous Computing and Communications (IUCC 2016), Granada (Spain), December 2016.<\/p>\n<\/li>\n<li>\n<p align=\"justify\">R. Rumipamba-Zambrano, J. Perell\u00f3, A. Pag\u00e8s, J. Gen\u00e9, <strong>S. Spadaro<\/strong>, &#8220;<em>Performance comparison of spectral and spatial super-channels in flex-grid\/SDM networks with inter-core XT-limited transmission reach<\/em>&#8220;, 218th International Conference on Transparent Optical Networks (ICTON) 2016, Trento (Italy), July 2016.<\/p>\n<\/li>\n<li>\n<p align=\"justify\"><strong>S. Spadaro<\/strong>, A. Pag\u00e8s, F. Agraz, R. Montero, J. Perell\u00f3, &#8220;<em>Resource Orchestration in SDN-based Future Optical Data Centres<\/em>&#8220;, 20th International Conference on Optical Network Design and Modeling (ONDM 2016), Cartagena (Spain), May 10th, 2016.<\/p>\n<\/li>\n<li>\n<p align=\"justify\"><strong>S. Spadaro<\/strong>, &#8220;<em>Virtual Slices Allocation in Multi-tenant Data Centre Architectures Based on Optical technologies and SDN<\/em>&#8220;, Asia Communications and Photonics Conference, Hong Kong, November 23rd, 2015.<\/p>\n<\/li>\n<li>\n<p align=\"justify\"><strong>S. Spadaro<\/strong>, &#8220;<em>Opportunities for Photonic Packet\/Circuit Switching in Large Scale Data Centers<\/em>&#8220;, Symposium on&nbsp;Next Generation data centres &#8211; Paving the way for the Zettabyte Era, European Conference on Optical Conference (ECOC) 2013, London (UK), September 24th, 2013.<\/p>\n<\/li>\n<li>\n<p align=\"justify\"><strong>S. Spadaro<\/strong>, \u201c<em>Optical networking in HPC<\/em>\u201d, Photonics in Data Centers and Computing Symposium, Photonics and Switching (PS) 2012 Conference, Ajaccio (France), September 2012.<\/p>\n<\/li>\n<li>\n<p align=\"justify\"><strong>S. Spadaro<\/strong>, \u201c<em>PLI-aware recovery strategies in GMPLS-based all-optical networks<\/em>\u201d, Workshop on \u201cNew Trends in Optical Networks Survivability\u201d, co-located with IEEE ICC 2012, Ottawa (CA), June 2012.<\/p>\n<\/li>\n<li>\n<p align=\"justify\"><strong>S. Spadaro<\/strong>, \u201c<em>Lessons learned from the development of an impairment aware control plane for dynamic optical networks<\/em>\u201d, Workshop on \u201cControl plane evolution in metro and core networks\u201d, co-located with ONDM 2011, Bologna (Italy), February 2011.<\/p>\n<\/li>\n<\/ol>\n","protected":false},"excerpt":{"rendered":"<p>S. Spadaro, &#8220;Disaggregated Optical Data Center Networking for AI\/ML applications&#8220;, Invited paper, Photonics West 2024, San Francisco (USA), 27 january-01 February 2024. S. Spadaro, A. Pag\u00e8s Cruz, F. Agraz, &#8220;Machine Learning-based actuation orchestration for inter-\/intra-data center networks&#8220;, Invited paper, Photonics <a class=\"more-link\" href=\"https:\/\/people.ccaba.upc.edu\/spadaro\/?page_id=81\">Continue reading <span class=\"screen-reader-text\">  Invited talks &#038; Tutorials<\/span><span class=\"meta-nav\">&rarr;<\/span><\/a><\/p>\n","protected":false},"author":2,"featured_media":0,"parent":72,"menu_order":2,"comment_status":"closed","ping_status":"closed","template":"","meta":[],"_links":{"self":[{"href":"https:\/\/people.ccaba.upc.edu\/spadaro\/index.php?rest_route=\/wp\/v2\/pages\/81"}],"collection":[{"href":"https:\/\/people.ccaba.upc.edu\/spadaro\/index.php?rest_route=\/wp\/v2\/pages"}],"about":[{"href":"https:\/\/people.ccaba.upc.edu\/spadaro\/index.php?rest_route=\/wp\/v2\/types\/page"}],"author":[{"embeddable":true,"href":"https:\/\/people.ccaba.upc.edu\/spadaro\/index.php?rest_route=\/wp\/v2\/users\/2"}],"replies":[{"embeddable":true,"href":"https:\/\/people.ccaba.upc.edu\/spadaro\/index.php?rest_route=%2Fwp%2Fv2%2Fcomments&post=81"}],"version-history":[{"count":29,"href":"https:\/\/people.ccaba.upc.edu\/spadaro\/index.php?rest_route=\/wp\/v2\/pages\/81\/revisions"}],"predecessor-version":[{"id":1629,"href":"https:\/\/people.ccaba.upc.edu\/spadaro\/index.php?rest_route=\/wp\/v2\/pages\/81\/revisions\/1629"}],"up":[{"embeddable":true,"href":"https:\/\/people.ccaba.upc.edu\/spadaro\/index.php?rest_route=\/wp\/v2\/pages\/72"}],"wp:attachment":[{"href":"https:\/\/people.ccaba.upc.edu\/spadaro\/index.php?rest_route=%2Fwp%2Fv2%2Fmedia&parent=81"}],"curies":[{"name":"wp","href":"https:\/\/api.w.org\/{rel}","templated":true}]}}